{"id":3248,"date":"2025-09-28T21:34:25","date_gmt":"2025-09-28T21:34:25","guid":{"rendered":"https:\/\/confer.co.nz\/resus2026\/?page_id=3248"},"modified":"2025-09-28T23:21:35","modified_gmt":"2025-09-28T23:21:35","slug":"terms-and-conditions","status":"publish","type":"page","link":"https:\/\/confer.co.nz\/resus2026\/terms-and-conditions\/","title":{"rendered":"Terms and Conditions"},"content":{"rendered":"\n\n\t<h2>Terms &amp; Conditions<\/h2>\nBy purchasing goods or services from Conferences and Events Limited for the\u00a0<strong>New Zealand Resuscitation Council Conference 2026, <\/strong>the customer is deemed to accept these Terms and Conditions. We may amend these Terms and Conditions at any time.<br \/>\n<br \/>\n<strong>Event Cancellation and Refund Policy<\/strong>\u00a0<br \/>We understand that circumstances can change. At any point prior to the event you are welcome to contact us in writing to nominate a substitute delegate at no extra charge. A full refund less a $100 service fee will be issued for cancellations received on or before <strong>16 March 2026<\/strong>. No refunds will be issued after <strong>16 March 2026<\/strong>. Non-payment does not constitute cancellation.<br \/>\n<br \/>\n<p><strong>Payments\u00a0\u00a0<br \/><\/strong>Full payment MUST be made at the time of registration. Once registration is received a confirmation email and tax invoice\/receipt will be issued. Any accounts must be paid in full 7 days from the invoice date or 10 business days before the conference start date, whichever comes first. Early bird registrations must be paid by <strong>16 March 2026<\/strong>, or the full registration fee will be charged. The organisers reserve the right, without notification, to cancel outstanding registrations any time after 7 days from the date of a tax invoice being sent. If payment is not received prior to the New Zealand Resuscitation Council Conference 2026 start date, attendance will be granted only after full payment is made via credit\/debit card.\u00a0\u00a0<\/p>\n\u00a0If a refund is due and C&amp;E have made a reasonable attempt to contact the delegate or organisation for a bank account and given a period of three weeks to respond with the information, C&amp;E claims the right to forward the funds to the client to enable C&amp;E to wrap up the conference finances.\u00a0 If the funds are requested after the wrap up the delegate or organisation will then have to make a claim direct with the client.<br \/>\n<br \/>\n<p><strong>Registration Credit Card Payments<\/strong>\u00a0<br \/>We will neither collect nor store your credit card details. On the registration form, you will be directed to use the credit card payment facilities provided by eWay NZ. eWay NZ makes the following statement on security:<\/p>\n<p>&#8220;We take seriously our responsibility to protect the security and privacy of the information we receive via our Sites and Apps. We maintain administrative, technical and physical safeguards designed to protect the personal information you provide via the Sites and Apps against accidental, unlawful or unauthorized destruction, loss, alteration, access, disclosure or use.&#8221;<\/p>\n<p>You can read their full privacy policy:\u00a0<a href=\"https:\/\/eway.io\/nz\/privacy-policy-2023\/\" target=\"_blank\" rel=\"noopener\">Click here<\/a>.<\/p>\n<p>Payments by credit card can be made with Visa or Mastercard and may incur a transaction fee.<\/p>\n<p>&nbsp;<\/p>\n<strong>Accommodation Policy<br \/>\n<\/strong>Accommodation may be booked via the links provided on the conference website. Conference &amp; Events Ltd are not responsible for any of your accommodation booking and payments. Please ensure you read and understand the hotel&#8217;s terms and conditions as they vary from one hotel to another. It is your responsibility to contact the hotel directly for any amendments or cancellation and all payments.<strong><br \/><\/strong>\n<p>&nbsp;<\/p>\n<p><strong>Privacy Policy\u00a0<\/strong><br \/>By completing this registration form, you acknowledge that your name, organisation and email address may be made available to the New Zealand Resuscitation Council Conference 2026 Convenors, the venue and accommodation providers (for the purposes of room bookings and New Zealand Resuscitation Council Conference 2026 related items only) and the Kerer\u016b, K\u0101k\u0101 and Tui sponsors of the 2026 conference. Your details will be included in the delegate list unless you have indicated otherwise on the registration form.<\/p>\n<p>&nbsp;<\/p>\n<p><strong>Insurance\u00a0<\/strong><br \/>It is strongly recommended and your responsibility to have insurance to cover medical, travel, and registration expenses in the event of unforeseen circumstances.<\/p>\n<p>&nbsp;<\/p>\n<p><strong>Liability and Warranty<\/strong><br \/>The Consumer Guarantees Act 1993 applies to the sale of goods or services to consumers. If the goods or services are acquired for a business, then our liability is limited to the contract price.<\/p>\n<p>&nbsp;<\/p>\n<p><strong>Photography\/Video<br \/><\/strong>Attendees are advised that photographs and videos may be taken during the event and reproduced for promotional purposes.<\/p>\n<p>&nbsp;<\/p>\n<p><strong>Disclaimer<\/strong><br \/>The convenors reserve the right to change activities, topics, presenters, dates, times and location where necessary. Neither the organisers (Conferences &amp; Events Ltd) nor the convenors shall be liable for any loss caused by the cancellation or abandonment of the event where such cancellation is due to Force Majeure. The term &#8220;Force Majeure&#8221; means any circumstance beyond the reasonable control of the organisers including but not limited to pandemic, war, hostilities (whether war be declared or not), terrorism, aircraft hijacking, military operation, riot, civil war, rebellion, civil commotion or unrest, natural disasters, Acts or Regulations of government, refusal to grant visas, explosions, transport delays, transport difficulties and the insolvency of airline carriers. The organisers will use all reasonable efforts to conduct the event despite the intervention or occurrence of any such cause. Attendees are advised that photographs and videos may be taken during the event and reproduced for promotional purposes.<\/p>\n<p><img decoding=\"async\" src=\"https:\/\/airdrive.eventsair.com\/eventsairseasiaprod\/production-confer-public\/ff1acac4dbb04946a4bfba1aceb0b739\" alt=\"\" \/><\/p>\n\n","protected":false},"excerpt":{"rendered":"<p>Terms &amp; Conditions By purchasing goods or services from Conferences and Events Limited for the\u00a0New Zealand Resuscitation Council Conference 2026, the customer is deemed to accept these Terms and Conditions. We may amend these Terms and Conditions at any time. Event Cancellation and Refund Policy\u00a0We understand that circumstances can change. At any point prior to&hellip;<\/p>\n","protected":false},"author":5,"featured_media":0,"parent":0,"menu_order":0,"comment_status":"closed","ping_status":"closed","template":"","meta":{"footnotes":""},"class_list":["post-3248","page","type-page","status-publish","hentry"],"yoast_head":"<!-- This site is optimized with the Yoast SEO plugin v27.1.1 - https:\/\/yoast.com\/product\/yoast-seo-wordpress\/ -->\n<title>Terms and Conditions - NZ Resus 2026 Conference<\/title>\n<meta name=\"description\" content=\"Terms &amp; Conditions By purchasing goods or services from Conferences and Events Limited for the\u00a0New Zealand Resuscitation Council Conference 2026, the\" \/>\n<meta name=\"robots\" content=\"index, follow, max-snippet:-1, max-image-preview:large, max-video-preview:-1\" \/>\n<link rel=\"canonical\" href=\"https:\/\/confer.co.nz\/resus2026\/terms-and-conditions\/\" \/>\n<meta property=\"og:locale\" content=\"en_US\" \/>\n<meta property=\"og:type\" content=\"article\" \/>\n<meta property=\"og:title\" content=\"Terms and Conditions - NZ Resus 2026 Conference\" \/>\n<meta property=\"og:description\" content=\"Terms &amp; Conditions By purchasing goods or services from Conferences and Events Limited for the\u00a0New Zealand Resuscitation Council Conference 2026, the\" \/>\n<meta property=\"og:url\" content=\"https:\/\/confer.co.nz\/resus2026\/terms-and-conditions\/\" \/>\n<meta property=\"og:site_name\" content=\"NZ Resus 2026 Conference\" \/>\n<meta property=\"article:modified_time\" content=\"2025-09-28T23:21:35+00:00\" \/>\n<meta property=\"og:image\" content=\"https:\/\/airdrive.eventsair.com\/eventsairseasiaprod\/production-confer-public\/ff1acac4dbb04946a4bfba1aceb0b739\" \/>\n<meta name=\"twitter:card\" content=\"summary_large_image\" \/>\n<script type=\"application\/ld+json\" class=\"yoast-schema-graph\">{\"@context\":\"https:\/\/schema.org\",\"@graph\":[{\"@type\":\"WebPage\",\"@id\":\"https:\/\/confer.co.nz\/resus2026\/terms-and-conditions\/\",\"url\":\"https:\/\/confer.co.nz\/resus2026\/terms-and-conditions\/\",\"name\":\"Terms and Conditions - NZ Resus 2026 Conference\",\"isPartOf\":{\"@id\":\"https:\/\/confer.co.nz\/resus2026\/#website\"},\"primaryImageOfPage\":{\"@id\":\"https:\/\/confer.co.nz\/resus2026\/terms-and-conditions\/#primaryimage\"},\"image\":{\"@id\":\"https:\/\/confer.co.nz\/resus2026\/terms-and-conditions\/#primaryimage\"},\"thumbnailUrl\":\"https:\/\/airdrive.eventsair.com\/eventsairseasiaprod\/production-confer-public\/ff1acac4dbb04946a4bfba1aceb0b739\",\"datePublished\":\"2025-09-28T21:34:25+00:00\",\"dateModified\":\"2025-09-28T23:21:35+00:00\",\"description\":\"Terms &amp; Conditions By purchasing goods or services from Conferences and Events Limited for the\u00a0New Zealand Resuscitation Council Conference 2026, the\",\"breadcrumb\":{\"@id\":\"https:\/\/confer.co.nz\/resus2026\/terms-and-conditions\/#breadcrumb\"},\"inLanguage\":\"en\",\"potentialAction\":[{\"@type\":\"ReadAction\",\"target\":[\"https:\/\/confer.co.nz\/resus2026\/terms-and-conditions\/\"]}]},{\"@type\":\"ImageObject\",\"inLanguage\":\"en\",\"@id\":\"https:\/\/confer.co.nz\/resus2026\/terms-and-conditions\/#primaryimage\",\"url\":\"https:\/\/airdrive.eventsair.com\/eventsairseasiaprod\/production-confer-public\/ff1acac4dbb04946a4bfba1aceb0b739\",\"contentUrl\":\"https:\/\/airdrive.eventsair.com\/eventsairseasiaprod\/production-confer-public\/ff1acac4dbb04946a4bfba1aceb0b739\"},{\"@type\":\"BreadcrumbList\",\"@id\":\"https:\/\/confer.co.nz\/resus2026\/terms-and-conditions\/#breadcrumb\",\"itemListElement\":[{\"@type\":\"ListItem\",\"position\":1,\"name\":\"Home\",\"item\":\"https:\/\/confer.co.nz\/resus2026\/\"},{\"@type\":\"ListItem\",\"position\":2,\"name\":\"Terms and Conditions\"}]},{\"@type\":\"WebSite\",\"@id\":\"https:\/\/confer.co.nz\/resus2026\/#website\",\"url\":\"https:\/\/confer.co.nz\/resus2026\/\",\"name\":\"NZ Resus 2026 Conference\",\"description\":\"Official 2026 Conference Website\",\"publisher\":{\"@id\":\"https:\/\/confer.co.nz\/resus2026\/#organization\"},\"potentialAction\":[{\"@type\":\"SearchAction\",\"target\":{\"@type\":\"EntryPoint\",\"urlTemplate\":\"https:\/\/confer.co.nz\/resus2026\/?s={search_term_string}\"},\"query-input\":{\"@type\":\"PropertyValueSpecification\",\"valueRequired\":true,\"valueName\":\"search_term_string\"}}],\"inLanguage\":\"en\"},{\"@type\":\"Organization\",\"@id\":\"https:\/\/confer.co.nz\/resus2026\/#organization\",\"name\":\"Resus 2026 Conference\",\"url\":\"https:\/\/confer.co.nz\/resus2026\/\",\"logo\":{\"@type\":\"ImageObject\",\"inLanguage\":\"en\",\"@id\":\"https:\/\/confer.co.nz\/resus2026\/#\/schema\/logo\/image\/\",\"url\":\"https:\/\/confer.co.nz\/resus2026\/wp-content\/uploads\/2025\/08\/resus-nz-logo.png\",\"contentUrl\":\"https:\/\/confer.co.nz\/resus2026\/wp-content\/uploads\/2025\/08\/resus-nz-logo.png\",\"width\":290,\"height\":80,\"caption\":\"Resus 2026 Conference\"},\"image\":{\"@id\":\"https:\/\/confer.co.nz\/resus2026\/#\/schema\/logo\/image\/\"}}]}<\/script>\n<!-- \/ Yoast SEO plugin. -->","yoast_head_json":{"title":"Terms and Conditions - NZ Resus 2026 Conference","description":"Terms &amp; Conditions By purchasing goods or services from Conferences and Events Limited for the\u00a0New Zealand Resuscitation Council Conference 2026, the","robots":{"index":"index","follow":"follow","max-snippet":"max-snippet:-1","max-image-preview":"max-image-preview:large","max-video-preview":"max-video-preview:-1"},"canonical":"https:\/\/confer.co.nz\/resus2026\/terms-and-conditions\/","og_locale":"en_US","og_type":"article","og_title":"Terms and Conditions - NZ Resus 2026 Conference","og_description":"Terms &amp; Conditions By purchasing goods or services from Conferences and Events Limited for the\u00a0New Zealand Resuscitation Council Conference 2026, the","og_url":"https:\/\/confer.co.nz\/resus2026\/terms-and-conditions\/","og_site_name":"NZ Resus 2026 Conference","article_modified_time":"2025-09-28T23:21:35+00:00","og_image":[{"url":"https:\/\/airdrive.eventsair.com\/eventsairseasiaprod\/production-confer-public\/ff1acac4dbb04946a4bfba1aceb0b739","type":"","width":"","height":""}],"twitter_card":"summary_large_image","schema":{"@context":"https:\/\/schema.org","@graph":[{"@type":"WebPage","@id":"https:\/\/confer.co.nz\/resus2026\/terms-and-conditions\/","url":"https:\/\/confer.co.nz\/resus2026\/terms-and-conditions\/","name":"Terms and Conditions - NZ Resus 2026 Conference","isPartOf":{"@id":"https:\/\/confer.co.nz\/resus2026\/#website"},"primaryImageOfPage":{"@id":"https:\/\/confer.co.nz\/resus2026\/terms-and-conditions\/#primaryimage"},"image":{"@id":"https:\/\/confer.co.nz\/resus2026\/terms-and-conditions\/#primaryimage"},"thumbnailUrl":"https:\/\/airdrive.eventsair.com\/eventsairseasiaprod\/production-confer-public\/ff1acac4dbb04946a4bfba1aceb0b739","datePublished":"2025-09-28T21:34:25+00:00","dateModified":"2025-09-28T23:21:35+00:00","description":"Terms &amp; Conditions By purchasing goods or services from Conferences and Events Limited for the\u00a0New Zealand Resuscitation Council Conference 2026, the","breadcrumb":{"@id":"https:\/\/confer.co.nz\/resus2026\/terms-and-conditions\/#breadcrumb"},"inLanguage":"en","potentialAction":[{"@type":"ReadAction","target":["https:\/\/confer.co.nz\/resus2026\/terms-and-conditions\/"]}]},{"@type":"ImageObject","inLanguage":"en","@id":"https:\/\/confer.co.nz\/resus2026\/terms-and-conditions\/#primaryimage","url":"https:\/\/airdrive.eventsair.com\/eventsairseasiaprod\/production-confer-public\/ff1acac4dbb04946a4bfba1aceb0b739","contentUrl":"https:\/\/airdrive.eventsair.com\/eventsairseasiaprod\/production-confer-public\/ff1acac4dbb04946a4bfba1aceb0b739"},{"@type":"BreadcrumbList","@id":"https:\/\/confer.co.nz\/resus2026\/terms-and-conditions\/#breadcrumb","itemListElement":[{"@type":"ListItem","position":1,"name":"Home","item":"https:\/\/confer.co.nz\/resus2026\/"},{"@type":"ListItem","position":2,"name":"Terms and Conditions"}]},{"@type":"WebSite","@id":"https:\/\/confer.co.nz\/resus2026\/#website","url":"https:\/\/confer.co.nz\/resus2026\/","name":"NZ Resus 2026 Conference","description":"Official 2026 Conference Website","publisher":{"@id":"https:\/\/confer.co.nz\/resus2026\/#organization"},"potentialAction":[{"@type":"SearchAction","target":{"@type":"EntryPoint","urlTemplate":"https:\/\/confer.co.nz\/resus2026\/?s={search_term_string}"},"query-input":{"@type":"PropertyValueSpecification","valueRequired":true,"valueName":"search_term_string"}}],"inLanguage":"en"},{"@type":"Organization","@id":"https:\/\/confer.co.nz\/resus2026\/#organization","name":"Resus 2026 Conference","url":"https:\/\/confer.co.nz\/resus2026\/","logo":{"@type":"ImageObject","inLanguage":"en","@id":"https:\/\/confer.co.nz\/resus2026\/#\/schema\/logo\/image\/","url":"https:\/\/confer.co.nz\/resus2026\/wp-content\/uploads\/2025\/08\/resus-nz-logo.png","contentUrl":"https:\/\/confer.co.nz\/resus2026\/wp-content\/uploads\/2025\/08\/resus-nz-logo.png","width":290,"height":80,"caption":"Resus 2026 Conference"},"image":{"@id":"https:\/\/confer.co.nz\/resus2026\/#\/schema\/logo\/image\/"}}]}},"_links":{"self":[{"href":"https:\/\/confer.co.nz\/resus2026\/wp-json\/wp\/v2\/pages\/3248","targetHints":{"allow":["GET"]}}],"collection":[{"href":"https:\/\/confer.co.nz\/resus2026\/wp-json\/wp\/v2\/pages"}],"about":[{"href":"https:\/\/confer.co.nz\/resus2026\/wp-json\/wp\/v2\/types\/page"}],"author":[{"embeddable":true,"href":"https:\/\/confer.co.nz\/resus2026\/wp-json\/wp\/v2\/users\/5"}],"replies":[{"embeddable":true,"href":"https:\/\/confer.co.nz\/resus2026\/wp-json\/wp\/v2\/comments?post=3248"}],"version-history":[{"count":3,"href":"https:\/\/confer.co.nz\/resus2026\/wp-json\/wp\/v2\/pages\/3248\/revisions"}],"predecessor-version":[{"id":3259,"href":"https:\/\/confer.co.nz\/resus2026\/wp-json\/wp\/v2\/pages\/3248\/revisions\/3259"}],"wp:attachment":[{"href":"https:\/\/confer.co.nz\/resus2026\/wp-json\/wp\/v2\/media?parent=3248"}],"curies":[{"name":"wp","href":"https:\/\/api.w.org\/{rel}","templated":true}]}}