{"id":2303,"date":"2023-07-04T00:59:12","date_gmt":"2023-07-04T00:59:12","guid":{"rendered":"https:\/\/confer.co.nz\/nmc2023\/?page_id=2303"},"modified":"2023-07-11T21:15:35","modified_gmt":"2023-07-11T21:15:35","slug":"pre-conference-workshops","status":"publish","type":"page","link":"https:\/\/confer.co.nz\/nmc2023\/pre-conference-workshops\/","title":{"rendered":"Pre-conference Workshops"},"content":{"rendered":"\n<h1>\n\t\tPre-conference Workshops \n\t<\/h1>\n\t<p>We are delighted to confirm two pre-conference workshops for attendees of the NMC2023 conference will take place on Sunday, 3 September 2023 at Rutherford House, Te Herenga Waka | Victoria University of Wellington New Zealand.<\/p>\n<p>These bespoke workshops will be presented by Tanya Jondahl, Talking Trouble Aotearoa NZ, and Haley Farrar and Sarah Roth Shank from Aspen Restorative Consulting.<\/p>\n<p>The cost to attend the workshops is $450 NZD excluding GST.\u00a0 Should you wish to register for only one workshop, the cost is $250 NZD excluding GST.<\/p>\n<p>Tea, coffee, and a light lunch are available for attendees.<\/p>\n\t<h5><strong>Accessible and effective communication <\/strong><\/h5>\n<strong>Presenter:<\/strong> Tanya Jondahl, Talking Trouble Aotearoa NZ<br \/>\n<strong>Date:<\/strong> Sunday, 3 September 2023, 10:00am- 1:00pm<br \/>\n<strong>Venue:<\/strong> Victoria University of Wellington New Zealand\n<p>In this bespoke workshop, we will explore the interactions that wh\u0101nau (children, young people, parents, grandparents and others) working alongside mediators and restorative justice practitioners may encounter. Whilst acknowledging that wh\u0101nau will have diverse strengths and communication profiles (some will be highly literate and articulate whereas others may find talk-based activities challenging) this workshop will highlight ways in which communication barriers can be reduced. Participants will have the opportunity to:<\/p>\n\u2022 Reflect on the communication demands within the interactions they have with wh\u0101nau.<br \/>\n\u2022 Reflect on their own communication skills e.g., do they rely mostly on talking, what strategies do they already use to adapt their communication, how easy is it for them to simplify the words, concepts and sentences they use.<br \/>\n\u2022 Observe and practice a range of compensatory communication strategies which can make it easier for people to understand, participate and say what they want to say.\n<p>&nbsp;<\/p>\n\t\t\t\t<img loading=\"lazy\" decoding=\"async\" src=\"https:\/\/confer.co.nz\/nmc2023\/wp-content\/uploads\/2023\/07\/workshops.jpg\" alt=\"workshops\" itemprop=\"image\" height=\"871\" width=\"885\" title=\"workshops\" onerror=\"this.style.display='none'\"  \/>\n\t<h4>Tanya Jondahl<\/h4>\n<p>N\u014d Ingarangi, n\u014d Airani \u014dku tupuna. I tupu ake au i Whakat\u016b, i P\u014dneke hoki. Kei P\u014dneke au e noho ana. Kei te Tai Tokerau t\u014dku ng\u0101kau. Ko Tanya Jondahl ahau. Tanya&#8217;s ancestors are from England and Ireland. She grew up in Nelson and Wellington, and her heart is in Te Tai Tokerau. She lives with her wh\u0101nau in Wellington.<\/p>\n<p>Tanya Jondahl is a qualified and experienced speech-language therapist and communication assistant. She has been appointed as a Communication Assistant by the Court for High, District, Youth and Family Court cases as well as in other justice system contexts such as parole board hearings, family group conferences and assessments with psychologists. Tanya has experience working with children, young people and adults across education, justice and mental health settings. She has previously worked for the Ministry of Education, the Office of the Children&#8217;s Commissioner and Central Regional Health School.<\/p>\n\t<h5><strong>Circle Facilitation Training <\/strong><strong>\u00a0<\/strong><\/h5>\n<strong>Presenters:<\/strong> Haley Farrar and Sarah Roth Shank, Aspen Restorative Consulting<br \/>\n<strong>Date:<\/strong> Sunday, 3 September 2023, 1:30pm- 4:30pm<br \/>\n<strong>Venue:<\/strong> Victoria University of Wellington New Zealand.\n<p>Circles are a simple but powerful tool used to support group conversations across a wide array of contexts. From proactive applications for relationship building and norms setting through towards reactive conflict resolution and incident response, this longstanding restorative technique can be used to support greater cohesion, empathy building, and collaborative decision making. This workshop will include theoretical foundations as well as practical experience in the facilitation of several circle applications.<\/p>\n<p>&nbsp;<\/p>\n\t\t\t\t<img loading=\"lazy\" decoding=\"async\" src=\"https:\/\/confer.co.nz\/nmc2023\/wp-content\/uploads\/2023\/07\/workshop2.jpeg\" alt=\"workshop2\" itemprop=\"image\" height=\"800\" width=\"800\" title=\"workshop2\" onerror=\"this.style.display='none'\"  \/>\n\t<h4>Haley Farrar<\/h4>\n<p>Haley Farrar, JD is a restorative practices educator, facilitator, coach, and researcher. Haley transitioned to restorative justice from a legal career in 2013. She moved to Aotearoa as a Fulbright Fellow in 2015 to conduct independent research across the country, exploring restorative justice facilitator standards, motivations, and competencies. Originally from Richmond, Virginia, Haley now calls Wellington home.<\/p>\n<p>As the Managing Director of Aspen Restorative Consulting, Haley now supports a number of organisations to implement restorative approaches both proactively and reactively to prevent and repair harm. She holds a Bachelor&#8217;s Degree in Psychology with a certificate in Peace and Conflict Studies from the University of Colorado and obtained her Juris Doctorate from Lewis &amp; Clark Law School in 2011. She is a licensed attorney in Colorado, an accredited mediator, and a certified coach. She also serves on the Advisory Council of the National Association for Community and Restorative Justice (US).<\/p>\n\t\t\t\t<img loading=\"lazy\" decoding=\"async\" src=\"https:\/\/confer.co.nz\/nmc2023\/wp-content\/uploads\/2023\/07\/WORKSHOP-12-1.jpg\" alt=\"WORKSHOP-12\" itemprop=\"image\" height=\"1470\" width=\"1365\" title=\"WORKSHOP-12\" onerror=\"this.style.display='none'\"  \/>\n\t<h4>Sarah Roth<\/h4>\n<p>Sarah is a restorative justice educator, researcher and practitioner. She is currently a Senior Consultant at Aspen Restorative Consulting and holds a PhD in public policy and restorative justice from Te Herenga Waka &#8211; Victoria University of Wellington. Sarah has worked on a range of projects in the public sector and in tertiary education focusing on the institutional design and implementation of restorative initiatives, and also teaches university and postgraduate courses on the subject.<\/p>\n<p>Sarah is equally passionate about working towards wholeness and restoration on the interpersonal level as well as on the systemic level. She is trained in Defense Victim Outreach (DVO), restorative facilitation and circle processes, and regularly facilitates training and casework in workplaces. Sarah lives in Wellington, New Zealand, with her husband and young son and enjoys running through the trails, playing field hockey, and drinking good coffee.<\/p>\n\n","protected":false},"excerpt":{"rendered":"<p>Pre-conference Workshops We are delighted to confirm two pre-conference workshops for attendees of the NMC2023 conference will take place on Sunday, 3 September 2023 at Rutherford House, Te Herenga Waka | Victoria University of Wellington New Zealand. These bespoke workshops will be presented by Tanya Jondahl, Talking Trouble Aotearoa NZ, and Haley Farrar and Sarah&hellip;<\/p>\n","protected":false},"author":3,"featured_media":0,"parent":0,"menu_order":0,"comment_status":"closed","ping_status":"closed","template":"","meta":{"footnotes":""},"class_list":["post-2303","page","type-page","status-publish","hentry"],"yoast_head":"<!-- This site is optimized with the Yoast SEO plugin v27.1.1 - https:\/\/yoast.com\/product\/yoast-seo-wordpress\/ -->\n<title>Pre-conference Workshops - NMC2023<\/title>\n<meta name=\"description\" content=\"Pre-conference Workshops We are delighted to confirm two pre-conference workshops for attendees of the NMC2023 conference will take place on Sunday, 3\" \/>\n<meta name=\"robots\" content=\"index, follow, max-snippet:-1, max-image-preview:large, max-video-preview:-1\" \/>\n<link rel=\"canonical\" href=\"https:\/\/confer.co.nz\/nmc2023\/pre-conference-workshops\/\" \/>\n<meta property=\"og:locale\" content=\"en_US\" \/>\n<meta property=\"og:type\" content=\"article\" \/>\n<meta property=\"og:title\" content=\"Pre-conference Workshops - NMC2023\" \/>\n<meta property=\"og:description\" content=\"Pre-conference Workshops We are delighted to confirm two pre-conference workshops for attendees of the NMC2023 conference will take place on Sunday, 3\" \/>\n<meta property=\"og:url\" content=\"https:\/\/confer.co.nz\/nmc2023\/pre-conference-workshops\/\" \/>\n<meta property=\"og:site_name\" content=\"NMC2023\" \/>\n<meta property=\"article:modified_time\" content=\"2023-07-11T21:15:35+00:00\" \/>\n<meta property=\"og:image\" content=\"https:\/\/confer.co.nz\/nmc2023\/wp-content\/uploads\/2023\/07\/workshops.jpg\" \/>\n<meta name=\"twitter:card\" content=\"summary_large_image\" \/>\n<meta name=\"twitter:label1\" content=\"Est. reading time\" \/>\n\t<meta name=\"twitter:data1\" content=\"3 minutes\" \/>\n<script type=\"application\/ld+json\" class=\"yoast-schema-graph\">{\"@context\":\"https:\/\/schema.org\",\"@graph\":[{\"@type\":\"WebPage\",\"@id\":\"https:\/\/confer.co.nz\/nmc2023\/pre-conference-workshops\/\",\"url\":\"https:\/\/confer.co.nz\/nmc2023\/pre-conference-workshops\/\",\"name\":\"Pre-conference Workshops - NMC2023\",\"isPartOf\":{\"@id\":\"https:\/\/confer.co.nz\/nmc2023\/#website\"},\"primaryImageOfPage\":{\"@id\":\"https:\/\/confer.co.nz\/nmc2023\/pre-conference-workshops\/#primaryimage\"},\"image\":{\"@id\":\"https:\/\/confer.co.nz\/nmc2023\/pre-conference-workshops\/#primaryimage\"},\"thumbnailUrl\":\"https:\/\/confer.co.nz\/nmc2023\/wp-content\/uploads\/2023\/07\/workshops.jpg\",\"datePublished\":\"2023-07-04T00:59:12+00:00\",\"dateModified\":\"2023-07-11T21:15:35+00:00\",\"description\":\"Pre-conference Workshops We are delighted to confirm two pre-conference workshops for attendees of the NMC2023 conference will take place on Sunday, 3\",\"breadcrumb\":{\"@id\":\"https:\/\/confer.co.nz\/nmc2023\/pre-conference-workshops\/#breadcrumb\"},\"inLanguage\":\"en\",\"potentialAction\":[{\"@type\":\"ReadAction\",\"target\":[\"https:\/\/confer.co.nz\/nmc2023\/pre-conference-workshops\/\"]}]},{\"@type\":\"ImageObject\",\"inLanguage\":\"en\",\"@id\":\"https:\/\/confer.co.nz\/nmc2023\/pre-conference-workshops\/#primaryimage\",\"url\":\"https:\/\/confer.co.nz\/nmc2023\/wp-content\/uploads\/2023\/07\/workshops.jpg\",\"contentUrl\":\"https:\/\/confer.co.nz\/nmc2023\/wp-content\/uploads\/2023\/07\/workshops.jpg\",\"width\":885,\"height\":871},{\"@type\":\"BreadcrumbList\",\"@id\":\"https:\/\/confer.co.nz\/nmc2023\/pre-conference-workshops\/#breadcrumb\",\"itemListElement\":[{\"@type\":\"ListItem\",\"position\":1,\"name\":\"Home\",\"item\":\"https:\/\/confer.co.nz\/nmc2023\/\"},{\"@type\":\"ListItem\",\"position\":2,\"name\":\"Pre-conference Workshops\"}]},{\"@type\":\"WebSite\",\"@id\":\"https:\/\/confer.co.nz\/nmc2023\/#website\",\"url\":\"https:\/\/confer.co.nz\/nmc2023\/\",\"name\":\"NMC2023\",\"description\":\"Official NMC 2023 Conference Website\",\"publisher\":{\"@id\":\"https:\/\/confer.co.nz\/nmc2023\/#organization\"},\"potentialAction\":[{\"@type\":\"SearchAction\",\"target\":{\"@type\":\"EntryPoint\",\"urlTemplate\":\"https:\/\/confer.co.nz\/nmc2023\/?s={search_term_string}\"},\"query-input\":{\"@type\":\"PropertyValueSpecification\",\"valueRequired\":true,\"valueName\":\"search_term_string\"}}],\"inLanguage\":\"en\"},{\"@type\":\"Organization\",\"@id\":\"https:\/\/confer.co.nz\/nmc2023\/#organization\",\"name\":\"National Mediation Conference (NMC2023)\",\"url\":\"https:\/\/confer.co.nz\/nmc2023\/\",\"logo\":{\"@type\":\"ImageObject\",\"inLanguage\":\"en\",\"@id\":\"https:\/\/confer.co.nz\/nmc2023\/#\/schema\/logo\/image\/\",\"url\":\"https:\/\/confer.co.nz\/nmc2023\/wp-content\/uploads\/2017\/12\/NMC2023-logo1.jpg\",\"contentUrl\":\"https:\/\/confer.co.nz\/nmc2023\/wp-content\/uploads\/2017\/12\/NMC2023-logo1.jpg\",\"width\":880,\"height\":544,\"caption\":\"National Mediation Conference (NMC2023)\"},\"image\":{\"@id\":\"https:\/\/confer.co.nz\/nmc2023\/#\/schema\/logo\/image\/\"}}]}<\/script>\n<!-- \/ Yoast SEO plugin. -->","yoast_head_json":{"title":"Pre-conference Workshops - NMC2023","description":"Pre-conference Workshops We are delighted to confirm two pre-conference workshops for attendees of the NMC2023 conference will take place on Sunday, 3","robots":{"index":"index","follow":"follow","max-snippet":"max-snippet:-1","max-image-preview":"max-image-preview:large","max-video-preview":"max-video-preview:-1"},"canonical":"https:\/\/confer.co.nz\/nmc2023\/pre-conference-workshops\/","og_locale":"en_US","og_type":"article","og_title":"Pre-conference Workshops - NMC2023","og_description":"Pre-conference Workshops We are delighted to confirm two pre-conference workshops for attendees of the NMC2023 conference will take place on Sunday, 3","og_url":"https:\/\/confer.co.nz\/nmc2023\/pre-conference-workshops\/","og_site_name":"NMC2023","article_modified_time":"2023-07-11T21:15:35+00:00","og_image":[{"url":"https:\/\/confer.co.nz\/nmc2023\/wp-content\/uploads\/2023\/07\/workshops.jpg","type":"","width":"","height":""}],"twitter_card":"summary_large_image","twitter_misc":{"Est. reading time":"3 minutes"},"schema":{"@context":"https:\/\/schema.org","@graph":[{"@type":"WebPage","@id":"https:\/\/confer.co.nz\/nmc2023\/pre-conference-workshops\/","url":"https:\/\/confer.co.nz\/nmc2023\/pre-conference-workshops\/","name":"Pre-conference Workshops - NMC2023","isPartOf":{"@id":"https:\/\/confer.co.nz\/nmc2023\/#website"},"primaryImageOfPage":{"@id":"https:\/\/confer.co.nz\/nmc2023\/pre-conference-workshops\/#primaryimage"},"image":{"@id":"https:\/\/confer.co.nz\/nmc2023\/pre-conference-workshops\/#primaryimage"},"thumbnailUrl":"https:\/\/confer.co.nz\/nmc2023\/wp-content\/uploads\/2023\/07\/workshops.jpg","datePublished":"2023-07-04T00:59:12+00:00","dateModified":"2023-07-11T21:15:35+00:00","description":"Pre-conference Workshops We are delighted to confirm two pre-conference workshops for attendees of the NMC2023 conference will take place on Sunday, 3","breadcrumb":{"@id":"https:\/\/confer.co.nz\/nmc2023\/pre-conference-workshops\/#breadcrumb"},"inLanguage":"en","potentialAction":[{"@type":"ReadAction","target":["https:\/\/confer.co.nz\/nmc2023\/pre-conference-workshops\/"]}]},{"@type":"ImageObject","inLanguage":"en","@id":"https:\/\/confer.co.nz\/nmc2023\/pre-conference-workshops\/#primaryimage","url":"https:\/\/confer.co.nz\/nmc2023\/wp-content\/uploads\/2023\/07\/workshops.jpg","contentUrl":"https:\/\/confer.co.nz\/nmc2023\/wp-content\/uploads\/2023\/07\/workshops.jpg","width":885,"height":871},{"@type":"BreadcrumbList","@id":"https:\/\/confer.co.nz\/nmc2023\/pre-conference-workshops\/#breadcrumb","itemListElement":[{"@type":"ListItem","position":1,"name":"Home","item":"https:\/\/confer.co.nz\/nmc2023\/"},{"@type":"ListItem","position":2,"name":"Pre-conference Workshops"}]},{"@type":"WebSite","@id":"https:\/\/confer.co.nz\/nmc2023\/#website","url":"https:\/\/confer.co.nz\/nmc2023\/","name":"NMC2023","description":"Official NMC 2023 Conference Website","publisher":{"@id":"https:\/\/confer.co.nz\/nmc2023\/#organization"},"potentialAction":[{"@type":"SearchAction","target":{"@type":"EntryPoint","urlTemplate":"https:\/\/confer.co.nz\/nmc2023\/?s={search_term_string}"},"query-input":{"@type":"PropertyValueSpecification","valueRequired":true,"valueName":"search_term_string"}}],"inLanguage":"en"},{"@type":"Organization","@id":"https:\/\/confer.co.nz\/nmc2023\/#organization","name":"National Mediation Conference (NMC2023)","url":"https:\/\/confer.co.nz\/nmc2023\/","logo":{"@type":"ImageObject","inLanguage":"en","@id":"https:\/\/confer.co.nz\/nmc2023\/#\/schema\/logo\/image\/","url":"https:\/\/confer.co.nz\/nmc2023\/wp-content\/uploads\/2017\/12\/NMC2023-logo1.jpg","contentUrl":"https:\/\/confer.co.nz\/nmc2023\/wp-content\/uploads\/2017\/12\/NMC2023-logo1.jpg","width":880,"height":544,"caption":"National Mediation Conference (NMC2023)"},"image":{"@id":"https:\/\/confer.co.nz\/nmc2023\/#\/schema\/logo\/image\/"}}]}},"_links":{"self":[{"href":"https:\/\/confer.co.nz\/nmc2023\/wp-json\/wp\/v2\/pages\/2303","targetHints":{"allow":["GET"]}}],"collection":[{"href":"https:\/\/confer.co.nz\/nmc2023\/wp-json\/wp\/v2\/pages"}],"about":[{"href":"https:\/\/confer.co.nz\/nmc2023\/wp-json\/wp\/v2\/types\/page"}],"author":[{"embeddable":true,"href":"https:\/\/confer.co.nz\/nmc2023\/wp-json\/wp\/v2\/users\/3"}],"replies":[{"embeddable":true,"href":"https:\/\/confer.co.nz\/nmc2023\/wp-json\/wp\/v2\/comments?post=2303"}],"version-history":[{"count":3,"href":"https:\/\/confer.co.nz\/nmc2023\/wp-json\/wp\/v2\/pages\/2303\/revisions"}],"predecessor-version":[{"id":2322,"href":"https:\/\/confer.co.nz\/nmc2023\/wp-json\/wp\/v2\/pages\/2303\/revisions\/2322"}],"wp:attachment":[{"href":"https:\/\/confer.co.nz\/nmc2023\/wp-json\/wp\/v2\/media?parent=2303"}],"curies":[{"name":"wp","href":"https:\/\/api.w.org\/{rel}","templated":true}]}}