{"id":2170,"date":"2025-01-16T22:43:51","date_gmt":"2025-01-16T22:43:51","guid":{"rendered":"https:\/\/confer.co.nz\/isc2026\/?page_id=2170"},"modified":"2025-08-22T02:11:23","modified_gmt":"2025-08-22T02:11:23","slug":"volcano-sedimentary-processes-and-deposits","status":"publish","type":"page","link":"https:\/\/confer.co.nz\/isc2026\/volcano-sedimentary-processes-and-deposits\/","title":{"rendered":"Volcano-sedimentary processes and deposits"},"content":{"rendered":"\n\n\t<h1>Volcano-sedimentary processes and deposits<\/h1>\n<h2>\n\t\tDiagenesis of volcaniclastic sediments \n\t<\/h2>\n\t<p><strong>Mrs Rikke Weibel<sup>1<\/sup>, Professor Kathleen M. Marsaglia<sup>2<\/sup><\/strong><\/p>\n<p><em><sup>1<\/sup>GEUS, Copenhagen, Danmark, <sup>2<\/sup>California State University, Northridge, USA<\/em><\/p>\n<p>Volcaniclastic particles, whether as single fragments or the majority of framework grains, provide unstable minerals and glassy groundmass in sedimentary successions which undergo diagenetic changes upon burial. Various factors may influence the degree of diagenetic modification, such as mineralogical and chemical composition of the volcanic particles, particle size, and the overall proportion of volcanic material.\u00a0 Some scenarios of volcaniclastic occurrence and resulting influence on diagenesis in stratigraphic successions are: 1) as beds of pure volcaniclastic\/tuffaceous sediments; 2) within hybrid sandstones consisting of mixed siliciclastic and volcanic particles; or 3) within interbedded non-volcaniclastic beds affected by pore waters from adjacent altered volcaniclastic intervals. Here we ask for presentations on sedimentary successions of all ages and tectonic settings that document early diagenetic changes associated with the presence of volcaniclastic material or show how these early changes assist in the interpretation of diagenetic changes occurring upon deeper burial, as well as reconstructing volcaniclastic sediment provenance in diagenetically modified successions.<\/p>\n<h2>\n\t\tTerrestrial and marine volcano-sedimentary interactions in modern and ancient environments: the relationship between volcanism and sedimentation on Earth and beyond\n\t<\/h2>\n\t<p><strong>Dr Anke Zernack<sup>1<\/sup>, Prof Jonathan Procter<sup>1<\/sup>, Dr Stuart Mead<sup>1<\/sup>, Dr Andrea Di Capua<sup>2<\/sup>, Dr Rebecca Williams<sup>3<\/sup>, Dr Sebastian Watt<sup>4<\/sup>, Dr Rodrigo Fernandez<sup>5<\/sup>, Dr Lorna Strachan<sup>6<\/sup>, Professor Leandro D&#8217;Elia<sup>7<\/sup>, Dr Manuel L\u00f3pez<sup>7<\/sup>, Professor Karoly Nemeth<sup>8<\/sup>, Dr Federica Barilaro<sup>9,10<\/sup>, Dr Daniel Petr\u00e1\u0161<sup>11<\/sup>, Dr Gabriel Ureta <sup>12<\/sup>, Dr Hugo Murcia <sup>13<\/sup>, Dr Szabolcs Kosik<sup>14<\/sup><\/strong><\/p>\n<p><em><sup>1<\/sup>Massey University, Palmerston North, New Zealand, <sup>2<\/sup>CNR Istituto di Geologia Ambientale e Geoingegneria, Milan, Italy, <sup>3<\/sup>University of Hull, United Kingdom, <sup>4<\/sup>University of Birmingham, United Kingdom, <sup>5<\/sup>Universidad de Chile, Santiago, Chile, <sup>6<\/sup>University of Auckland, Auckland, New Zealand, <sup>7<\/sup>Centro de Investigaciones Geol\u00f3gicas &#8211; Concejo Nacional de Investigaciones Cientificas y T\u00e9cnicas, CONICET &#8211; Universidad Nacional de La Plata, UNLP, La Plata, Argentina, <sup>8<\/sup>Saudi Geological Survey, Jeddah, Saudi Arabia, <sup>9<\/sup>DiBEST &#8211; UniCAL, Rende, Italy, <sup>10<\/sup>CNR &#8211; IGAG, Milano, Italy, <sup>11<\/sup>Department of Environmental Geochemistry and Biogeochemistry, Czech Geological Survey, Prague, Czech Republic, <sup>12<\/sup>Centro de Investigaci\u00f3n para la Gesti\u00f3n Integrada del Riesgo de Desastres, Universidad Cat\u00f3lica del Norte, Antofagasta, Chile, <sup>13<\/sup>Departamento de Ciencias Ge\u00f3logicas, Instituto de Investigaciones en Estratigraf\u00cda (IIES), Universidad de Caldas, Manizales, Colombia, <sup>14<\/sup>Horizons Regional Council, Palmerston North, New Zealand<\/em><\/p>\n<p>This interdisciplinary session examines the dynamic interactions between volcanic activity and sedimentary systems, highlighting their geological records, environmental impacts, and applied significance. Volcano-sedimentary processes occur in diverse settings &#8211; from terrestrial basins to marine environments &#8211; and their deposits preserve critical insights into Earth&#8217;s history and beyond. The importance of understanding volcano-sedimentary systems through multidisciplinary approaches to reconstruct Earth&#8217;s volcanic and sedimentary history will be emphasised, recognising their fundamental role in shaping sedimentary environments, landscapes, and natural processes. This section aims to draw attention to the complex interactions between volcanic and sedimentary processes across various environments and timescales. Key themes include the analysis of volcanic landforms, such as the architecture of caldera systems shaped by large eruptions and post-eruptive reworking in diverse sedimentary scenarios, and the significance of monogenetic volcanoes and their preserved environmental records in terrestrial basins. Additionally, we aim to contribute to a comprehensive understanding of volcanic and sedimentary interactions at various scales on Earth. This includes examining the influence of volcanism on sediment routing systems and the effects of volcanic activity in both continental and marine settings. Our goal is to reveal a high-resolution framework of different volcanic system behaviours, as well as unravel the interactions between volcanic activity and epiclastic or carbonate deposition, considering the diagenesis of volcaniclastic particles and their role in sedimentary successions.<\/p>\n\n","protected":false},"excerpt":{"rendered":"<p>Volcano-sedimentary processes and deposits Diagenesis of volcaniclastic sediments Mrs Rikke Weibel1, Professor Kathleen M. Marsaglia2 1GEUS, Copenhagen, Danmark, 2California State University, Northridge, USA Volcaniclastic particles, whether as single fragments or the majority of framework grains, provide unstable minerals and glassy groundmass in sedimentary successions which undergo diagenetic changes upon burial. Various factors may influence the&hellip;<\/p>\n","protected":false},"author":2,"featured_media":0,"parent":0,"menu_order":0,"comment_status":"closed","ping_status":"closed","template":"","meta":{"footnotes":""},"class_list":["post-2170","page","type-page","status-publish","hentry"],"yoast_head":"<!-- This site is optimized with the Yoast SEO plugin v27.0 - https:\/\/yoast.com\/product\/yoast-seo-wordpress\/ -->\n<title>Volcano-sedimentary processes and deposits - ISC2026<\/title>\n<meta name=\"description\" content=\"The ISC2026 conference theme is &#039;Sedimentation on active plate margins through time and space&#039;. Zealandia is a 4.9 Mkm2 region of continental crust in the South Pacific that was once part of Gondwana. Learn more.\" \/>\n<meta name=\"robots\" content=\"index, follow, max-snippet:-1, max-image-preview:large, max-video-preview:-1\" \/>\n<link rel=\"canonical\" href=\"https:\/\/confer.co.nz\/isc2026\/volcano-sedimentary-processes-and-deposits\/\" \/>\n<meta property=\"og:locale\" content=\"en_US\" \/>\n<meta property=\"og:type\" content=\"article\" \/>\n<meta property=\"og:title\" content=\"Volcano-sedimentary processes and deposits - ISC2026\" \/>\n<meta property=\"og:description\" content=\"The ISC2026 conference theme is &#039;Sedimentation on active plate margins through time and space&#039;. Zealandia is a 4.9 Mkm2 region of continental crust in the South Pacific that was once part of Gondwana. Learn more.\" \/>\n<meta property=\"og:url\" content=\"https:\/\/confer.co.nz\/isc2026\/volcano-sedimentary-processes-and-deposits\/\" \/>\n<meta property=\"og:site_name\" content=\"ISC2026\" \/>\n<meta property=\"article:modified_time\" content=\"2025-08-22T02:11:23+00:00\" \/>\n<meta name=\"twitter:card\" content=\"summary_large_image\" \/>\n<meta name=\"twitter:label1\" content=\"Est. reading time\" \/>\n\t<meta name=\"twitter:data1\" content=\"7 minutes\" \/>\n<script type=\"application\/ld+json\" class=\"yoast-schema-graph\">{\"@context\":\"https:\/\/schema.org\",\"@graph\":[{\"@type\":\"WebPage\",\"@id\":\"https:\/\/confer.co.nz\/isc2026\/volcano-sedimentary-processes-and-deposits\/\",\"url\":\"https:\/\/confer.co.nz\/isc2026\/volcano-sedimentary-processes-and-deposits\/\",\"name\":\"Volcano-sedimentary processes and deposits - ISC2026\",\"isPartOf\":{\"@id\":\"https:\/\/confer.co.nz\/isc2026\/#website\"},\"datePublished\":\"2025-01-16T22:43:51+00:00\",\"dateModified\":\"2025-08-22T02:11:23+00:00\",\"description\":\"The ISC2026 conference theme is 'Sedimentation on active plate margins through time and space'. Zealandia is a 4.9 Mkm2 region of continental crust in the South Pacific that was once part of Gondwana. Learn more.\",\"breadcrumb\":{\"@id\":\"https:\/\/confer.co.nz\/isc2026\/volcano-sedimentary-processes-and-deposits\/#breadcrumb\"},\"inLanguage\":\"en\",\"potentialAction\":[{\"@type\":\"ReadAction\",\"target\":[\"https:\/\/confer.co.nz\/isc2026\/volcano-sedimentary-processes-and-deposits\/\"]}]},{\"@type\":\"BreadcrumbList\",\"@id\":\"https:\/\/confer.co.nz\/isc2026\/volcano-sedimentary-processes-and-deposits\/#breadcrumb\",\"itemListElement\":[{\"@type\":\"ListItem\",\"position\":1,\"name\":\"Home\",\"item\":\"https:\/\/confer.co.nz\/isc2026\/\"},{\"@type\":\"ListItem\",\"position\":2,\"name\":\"Volcano-sedimentary processes and deposits\"}]},{\"@type\":\"WebSite\",\"@id\":\"https:\/\/confer.co.nz\/isc2026\/#website\",\"url\":\"https:\/\/confer.co.nz\/isc2026\/\",\"name\":\"ISC2026\",\"description\":\"Official ISC 2026 Congress Website\",\"publisher\":{\"@id\":\"https:\/\/confer.co.nz\/isc2026\/#organization\"},\"potentialAction\":[{\"@type\":\"SearchAction\",\"target\":{\"@type\":\"EntryPoint\",\"urlTemplate\":\"https:\/\/confer.co.nz\/isc2026\/?s={search_term_string}\"},\"query-input\":{\"@type\":\"PropertyValueSpecification\",\"valueRequired\":true,\"valueName\":\"search_term_string\"}}],\"inLanguage\":\"en\"},{\"@type\":\"Organization\",\"@id\":\"https:\/\/confer.co.nz\/isc2026\/#organization\",\"name\":\"ISC 2026 Conference for the International Association Of Sedimentologists (IAS)\",\"url\":\"https:\/\/confer.co.nz\/isc2026\/\",\"logo\":{\"@type\":\"ImageObject\",\"inLanguage\":\"en\",\"@id\":\"https:\/\/confer.co.nz\/isc2026\/#\/schema\/logo\/image\/\",\"url\":\"https:\/\/confer.co.nz\/isc2026\/wp-content\/uploads\/2017\/12\/ISC2026-logo-transparent.png\",\"contentUrl\":\"https:\/\/confer.co.nz\/isc2026\/wp-content\/uploads\/2017\/12\/ISC2026-logo-transparent.png\",\"width\":480,\"height\":176,\"caption\":\"ISC 2026 Conference for the International Association Of Sedimentologists (IAS)\"},\"image\":{\"@id\":\"https:\/\/confer.co.nz\/isc2026\/#\/schema\/logo\/image\/\"}}]}<\/script>\n<!-- \/ Yoast SEO plugin. -->","yoast_head_json":{"title":"Volcano-sedimentary processes and deposits - ISC2026","description":"The ISC2026 conference theme is 'Sedimentation on active plate margins through time and space'. Zealandia is a 4.9 Mkm2 region of continental crust in the South Pacific that was once part of Gondwana. Learn more.","robots":{"index":"index","follow":"follow","max-snippet":"max-snippet:-1","max-image-preview":"max-image-preview:large","max-video-preview":"max-video-preview:-1"},"canonical":"https:\/\/confer.co.nz\/isc2026\/volcano-sedimentary-processes-and-deposits\/","og_locale":"en_US","og_type":"article","og_title":"Volcano-sedimentary processes and deposits - ISC2026","og_description":"The ISC2026 conference theme is 'Sedimentation on active plate margins through time and space'. Zealandia is a 4.9 Mkm2 region of continental crust in the South Pacific that was once part of Gondwana. Learn more.","og_url":"https:\/\/confer.co.nz\/isc2026\/volcano-sedimentary-processes-and-deposits\/","og_site_name":"ISC2026","article_modified_time":"2025-08-22T02:11:23+00:00","twitter_card":"summary_large_image","twitter_misc":{"Est. reading time":"7 minutes"},"schema":{"@context":"https:\/\/schema.org","@graph":[{"@type":"WebPage","@id":"https:\/\/confer.co.nz\/isc2026\/volcano-sedimentary-processes-and-deposits\/","url":"https:\/\/confer.co.nz\/isc2026\/volcano-sedimentary-processes-and-deposits\/","name":"Volcano-sedimentary processes and deposits - ISC2026","isPartOf":{"@id":"https:\/\/confer.co.nz\/isc2026\/#website"},"datePublished":"2025-01-16T22:43:51+00:00","dateModified":"2025-08-22T02:11:23+00:00","description":"The ISC2026 conference theme is 'Sedimentation on active plate margins through time and space'. Zealandia is a 4.9 Mkm2 region of continental crust in the South Pacific that was once part of Gondwana. Learn more.","breadcrumb":{"@id":"https:\/\/confer.co.nz\/isc2026\/volcano-sedimentary-processes-and-deposits\/#breadcrumb"},"inLanguage":"en","potentialAction":[{"@type":"ReadAction","target":["https:\/\/confer.co.nz\/isc2026\/volcano-sedimentary-processes-and-deposits\/"]}]},{"@type":"BreadcrumbList","@id":"https:\/\/confer.co.nz\/isc2026\/volcano-sedimentary-processes-and-deposits\/#breadcrumb","itemListElement":[{"@type":"ListItem","position":1,"name":"Home","item":"https:\/\/confer.co.nz\/isc2026\/"},{"@type":"ListItem","position":2,"name":"Volcano-sedimentary processes and deposits"}]},{"@type":"WebSite","@id":"https:\/\/confer.co.nz\/isc2026\/#website","url":"https:\/\/confer.co.nz\/isc2026\/","name":"ISC2026","description":"Official ISC 2026 Congress Website","publisher":{"@id":"https:\/\/confer.co.nz\/isc2026\/#organization"},"potentialAction":[{"@type":"SearchAction","target":{"@type":"EntryPoint","urlTemplate":"https:\/\/confer.co.nz\/isc2026\/?s={search_term_string}"},"query-input":{"@type":"PropertyValueSpecification","valueRequired":true,"valueName":"search_term_string"}}],"inLanguage":"en"},{"@type":"Organization","@id":"https:\/\/confer.co.nz\/isc2026\/#organization","name":"ISC 2026 Conference for the International Association Of Sedimentologists (IAS)","url":"https:\/\/confer.co.nz\/isc2026\/","logo":{"@type":"ImageObject","inLanguage":"en","@id":"https:\/\/confer.co.nz\/isc2026\/#\/schema\/logo\/image\/","url":"https:\/\/confer.co.nz\/isc2026\/wp-content\/uploads\/2017\/12\/ISC2026-logo-transparent.png","contentUrl":"https:\/\/confer.co.nz\/isc2026\/wp-content\/uploads\/2017\/12\/ISC2026-logo-transparent.png","width":480,"height":176,"caption":"ISC 2026 Conference for the International Association Of Sedimentologists (IAS)"},"image":{"@id":"https:\/\/confer.co.nz\/isc2026\/#\/schema\/logo\/image\/"}}]}},"_links":{"self":[{"href":"https:\/\/confer.co.nz\/isc2026\/wp-json\/wp\/v2\/pages\/2170","targetHints":{"allow":["GET"]}}],"collection":[{"href":"https:\/\/confer.co.nz\/isc2026\/wp-json\/wp\/v2\/pages"}],"about":[{"href":"https:\/\/confer.co.nz\/isc2026\/wp-json\/wp\/v2\/types\/page"}],"author":[{"embeddable":true,"href":"https:\/\/confer.co.nz\/isc2026\/wp-json\/wp\/v2\/users\/2"}],"replies":[{"embeddable":true,"href":"https:\/\/confer.co.nz\/isc2026\/wp-json\/wp\/v2\/comments?post=2170"}],"version-history":[{"count":3,"href":"https:\/\/confer.co.nz\/isc2026\/wp-json\/wp\/v2\/pages\/2170\/revisions"}],"predecessor-version":[{"id":2635,"href":"https:\/\/confer.co.nz\/isc2026\/wp-json\/wp\/v2\/pages\/2170\/revisions\/2635"}],"wp:attachment":[{"href":"https:\/\/confer.co.nz\/isc2026\/wp-json\/wp\/v2\/media?parent=2170"}],"curies":[{"name":"wp","href":"https:\/\/api.w.org\/{rel}","templated":true}]}}