{"id":2133,"date":"2025-01-16T22:11:59","date_gmt":"2025-01-16T22:11:59","guid":{"rendered":"https:\/\/confer.co.nz\/isc2026\/?page_id=2133"},"modified":"2025-01-16T23:01:37","modified_gmt":"2025-01-16T23:01:37","slug":"modern-sedimentary-processes-and-deposits-analogues-for-the-rock-record","status":"publish","type":"page","link":"https:\/\/confer.co.nz\/isc2026\/modern-sedimentary-processes-and-deposits-analogues-for-the-rock-record\/","title":{"rendered":"Modern sedimentary processes and deposits: analogues for the rock record"},"content":{"rendered":"\n\n\t<h1>Modern sedimentary processes and deposits: analogues for the rock record<\/h1>\n<h2>\n\t\tCoastal to shelf environments across time and space\n\t<\/h2>\n\t<p><strong>Dr Valentin Zuchuat<sup>1<\/sup>, Dr Miquel Poyatos-Mor\u00e9<sup>2<\/sup>, Dr Liz Mahon<sup>3<\/sup>, Dr Anna van Yperen<sup>4<\/sup>, Dr Romain Vaucher<sup>5<\/sup><\/strong><\/p>\n<p><em><sup>1<\/sup>CSIRO, Perth, Australia, <sup>2<\/sup>Universitat Aut\u00f2noma de Barcelona, Spain, <sup>3<\/sup>University of Utah, Salt Lake City, USA, <sup>4<\/sup>University of Oslo, Norway, <sup>5<\/sup>University of Geneva, Switzerland<\/em><\/p>\n<p>Coastal to shelfal systems reflect a dynamic interplay of processes, including riverine flow, tidal currents, wind, wave action, storm frequency-intensity, and compaction, which exist(ed) in various geographical locations or climate conditions. These processes interact with different sediment compositions, leading to complex morphodynamics, diverse sedimentary facies and resulting in a non-unique stratigraphic architecture. Deciphering the depositional history generated by these varied and often combined processes is challenging, especially given changes in depositional controls across various timescales such as variations in relative sea level, climate, subsidence, and\/or sediment supply. This amalgamation of different timescales at which each process occurs can further misrepresent what were the active or dominant processes at the time of deposition as interpreted from the sedimentary signature and architecture preserved in the rock record. <\/p>\n<p>To better understand modern and ancient coastal and shallow-marine depositional systems is crucial for society. Not only will this knowledge help optimise the management of resources (water, energy fluids, critical minerals, CCS, and hydrogen storage), but it will also facilitate the present and future sustainable care and development of these areas by local communities and policymakers, ensuring their long-term protection in a context of intense and ever-increasing anthropogenic stresses.<\/p>\n<p>In this session, we invite contributions of studies on coastal to shelfal systems either in the rock record or in modern examples, in any type of climatic and tectonic setting, on Earth and other planetary bodies, with data acquired from fieldwork, subsurface analysis, remote-sensing, experimental lab work, and numerical modelling. Early Career Scientists are warmly welcome to showcase their work, and we encourage them to apply for oral presentations. This session is organised under the umbrella of the SEPM Coastal Shelf Research Group (CSRG).<\/p>\n<h2>\n\t\tMapping marine sediments in the world\n\t<\/h2>\n\t<p><strong>Dr Xuefa Shi<sup>1<\/sup>, Dr Chris Jenkins<sup>2<\/sup>, Dr Andrew\u00a0 La Croix<sup>3<\/sup>, Dr Romain\u00a0 Vaucher<sup>4<\/sup>, Dr Joanna\u00a0 Pszonka<sup>5<\/sup>, Dr Shuqing Qiao<sup>1<\/sup><\/strong><\/p>\n<p><em><sup>1<\/sup>First Institute of Oceanography, Ministry of Natural Resources, China, Qingdao, China, <sup>2<\/sup>University of Colorado Boulder, USA, <sup>3<\/sup>The University of Waikato, New Zealand , <sup>4<\/sup>University of Geneva, Switzerland, <sup>5<\/sup>Colorado School of Mines, USA<\/em><\/p>\n<p>The global ocean floor remains largely unexplored, and understanding its sedimentary characteristics is crucial for various disciplines, including marine geology, geophysics, ecology, and environmental science. This session aims to bring together experts from diverse backgrounds to discuss recent advancements in global marine sediment composition and distribution (e.g., organic matter, minerals, plastics, pollutants). We welcome contributions on a wide range of topics, including global-scale mapping initiatives, regional-scale studies, case studies from specific areas, high-resolution mapping techniques, data processing methods, sedimentary processes and dynamics in marine basins, and applications of marine sediment maps. By fostering collaborative knowledge exchange, this session seeks to advance the field of marine sediment mapping. We look forward to a dynamic and informative session.<\/p>\n<h2>\n\t\tMicrobial architects of carbonates: Insights from modern to deep-time systems\n\t<\/h2>\n\t<p><strong>Professor M\u00f3nica S\u00e1nchez-Rom\u00e1n<sup>2<\/sup>, Professor Daniel Ariztegui<sup>1<\/sup><\/strong><\/p>\n<p><em><sup>1<\/sup>Department of Earth sciences, University of Geneva, Switzerland, <sup>2<\/sup>Earth Science Department, Vrije Universiteit Amsterdam, The Netherlands<\/em><\/p>\n<p>The dynamic interplay between microbial activity and carbonate formation spans both geological and modern timescales, shaping the evolution of carbonate systems and their associated biogeochemical cycles. This session invites contributions that explore the diverse roles of microbes in the precipitation, dissolution, and diagenesis of carbonate minerals in both modern environments and ancient records. We seek studies that address key questions about how microbial processes influence carbonate chemistry, mineralogy, and sedimentology across marine, lacustrine, and terrestrial systems.<\/p>\n<p>We encourage submissions employing cutting-edge methodologies to unravel these complex interactions, such as genomics, metagenomics, and other molecular techniques that shed light on the functional roles of microbial communities. Contributions integrating high-resolution imaging, geochemistry (e.g., stable isotopes, metal concentrations), and modelling approaches to link microbial activity with carbonate formation and preservation are also highly welcomed.<\/p>\n<p>This session aims to foster interdisciplinary dialogue and present innovative perspectives on the microbial impact on carbonate formation, emphasizing how advances in methodology can bridge the gap between present-day observations and the interpretation of ancient records. By exploring these microbial-mineral interactions, we aim to deepen our understanding of their implications for carbon cycling, climate reconstructions, and the evolution of Earth&#8217;s biosphere.<\/p>\n<h2>\n\t\tThe complexity of braided rivers that reach the base level: braid deltas present and past\n\t<\/h2>\n\t<p><strong>Dr Jason Muhlbauer<sup>1<\/sup>, Dr Christopher Fedo<sup>2<\/sup>, Hamilton Allport<sup>3<\/sup>, Yorick Veenma<sup>3<\/sup><\/strong><\/p>\n<p><em><sup>1<\/sup>Boise State University, United States, <sup>2<\/sup>University of Tennessee, Knoxville, United States, <sup>3<\/sup>University of Cambridge, United Kingdom<\/em><\/p>\n<p>Where braided rivers reach base level and sediment supply matches or exceeds accommodation development, braid deltas with a substantial range of morphologies prograde under normal or forced regressive conditions. Though less abundant than their common delta counterparts, modern braid deltas are nonetheless found on all continents in both transitional marine and lacustrine settings, including the coastlines and lakes of Te Waipounamu \/ South Island, New Zealand. Given the non-cohesive nature of their sediment, owed to limits on clay deposition and plant growth, braid deltas preserve climate-sensitive information and may occur as transitory or long-lived systems. Present-day braid deltas represent analogues for non-vegetated deltaic systems that dominated much of Earth history before the emergence and dispersal of vascular plants in the Silurian. When preserved, they provide a detailed sedimentary record of sea-level fluctuations and depositional processes in an environment associated with elevated clastic sediment transfer and burial.<\/p>\n<p>On Earth today, numerous braid deltas mark high-latitude coastal settings of interest in a deglaciating world as the interface of outwash with the marine realm. In arid regions, braided rivers prograde into closed basins that are drying because of desertification coupled with increasing demand for irrigation and drinking water. Where these avulsive and non-cohesive systems intersect with human development, delta plains may be heavily engineered, potentially generating hazards associated with flood mitigation, transportation, and commercial shipping. This session welcomes research investigating present-day braid deltas, their use as analogues to past environments, and pre- or post-vegetation braid deltas in the deep-time rock record. Submissions that explore recent climatic modeling or anthropogenic modifications involving the braid-delta environment are encouraged.<\/p>\n<h2>\n\t\tTransport of Mud and Deposition of Mudstones &#8211; The State of the Art\n\t<\/h2>\n\t<p><strong>Professor Juergen Schieber<sup>1<\/sup>, Dr. Yifan Li<sup>2<\/sup>, Dr. Gabriele Gambacorta<sup>3<\/sup>, Dr. Joe Macquaker<sup>4<\/sup><\/strong><\/p>\n<p><em><sup>1<\/sup>Indiana University, Bloomington, United States, <sup>2<\/sup>China University of Geosciences, Beijing, China, <sup>3<\/sup>University of Florence, Italy, <sup>4<\/sup>ExxonMobil, Houston, United States<\/em><\/p>\n<p>Mud is everywhere.\u00a0 Much of the Earth is covered by it, on land as well as under the sea.\u00a0 It influences what crops we can grow, how stable our landscapes are, the navigability of our rivers, how much effort we have to expend to keep open harbors and canals, as well as the habitability of shelf seas and the deep oceans for benthic life (shellfish, crabs, etc.) and associated fish crops.\u00a0 Mud is the main substrate for the microbial biomass of Earth, and as such is intricately woven in with biogeochemical cycles that exert control on the composition of atmosphere and ocean.\u00a0 Mud is important.\u00a0 When buried mud becomes mudstone, a fine-grained sedimentary rock composed dominantly of clay-sized (&lt; 4 \u03bcm) and silt-sized (4 &#8211; 62.5 \u03bcm) particles that constitutes 2\/3 of the sedimentary rock record and contains the lion&#8217;s share of recorded geologic time. For petroleum systems, mudstones are essential as source rocks and seals, and more recently also as unconventional hydrocarbon reservoirs.<\/p>\n<p>The last two decades have seen much progress in understanding, driven by the role that mudstones play in contemporary petroleum geology, where they are a key resource that we need to be able to read accurately if we are to make correct predictions about the economic viability of hydrocarbon production in sedimentary basins. The first step towards that goal is to abandon long held notions about mud accumulation and embracing new emerging paradigms about energetic and dynamic mud transport and depositional processes.\u00a0 In this session we hope to bring together experimentalists, marine geologists, students of the rock record, and exploration geologists to discuss a future conceptual framework for mudstone sedimentology that provides physical constraints on facies development and that allows us to make predictions about the spatial distribution of the various types of mudstone facies within sedimentary basins, from the shoreline to the deep sea.<\/p>\n\n","protected":false},"excerpt":{"rendered":"<p>Modern sedimentary processes and deposits: analogues for the rock record Coastal to shelf environments across time and space Dr Valentin Zuchuat1, Dr Miquel Poyatos-Mor\u00e92, Dr Liz Mahon3, Dr Anna van Yperen4, Dr Romain Vaucher5 1CSIRO, Perth, Australia, 2Universitat Aut\u00f2noma de Barcelona, Spain, 3University of Utah, Salt Lake City, USA, 4University of Oslo, Norway, 5University of&hellip;<\/p>\n","protected":false},"author":2,"featured_media":0,"parent":0,"menu_order":0,"comment_status":"closed","ping_status":"closed","template":"","meta":{"footnotes":""},"class_list":["post-2133","page","type-page","status-publish","hentry"],"yoast_head":"<!-- This site is optimized with the Yoast SEO plugin v27.0 - https:\/\/yoast.com\/product\/yoast-seo-wordpress\/ -->\n<title>Modern sedimentary processes and deposits: analogues for the rock record - ISC2026<\/title>\n<meta name=\"description\" content=\"The ISC2026 conference theme is &#039;Sedimentation on active plate margins through time and space&#039;. Zealandia is a 4.9 Mkm2 region of continental crust in the South Pacific that was once part of Gondwana. Learn more.\" \/>\n<meta name=\"robots\" content=\"index, follow, max-snippet:-1, max-image-preview:large, max-video-preview:-1\" \/>\n<link rel=\"canonical\" href=\"https:\/\/confer.co.nz\/isc2026\/modern-sedimentary-processes-and-deposits-analogues-for-the-rock-record\/\" \/>\n<meta property=\"og:locale\" content=\"en_US\" \/>\n<meta property=\"og:type\" content=\"article\" \/>\n<meta property=\"og:title\" content=\"Modern sedimentary processes and deposits: analogues for the rock record - ISC2026\" \/>\n<meta property=\"og:description\" content=\"The ISC2026 conference theme is &#039;Sedimentation on active plate margins through time and space&#039;. Zealandia is a 4.9 Mkm2 region of continental crust in the South Pacific that was once part of Gondwana. Learn more.\" \/>\n<meta property=\"og:url\" content=\"https:\/\/confer.co.nz\/isc2026\/modern-sedimentary-processes-and-deposits-analogues-for-the-rock-record\/\" \/>\n<meta property=\"og:site_name\" content=\"ISC2026\" \/>\n<meta property=\"article:modified_time\" content=\"2025-01-16T23:01:37+00:00\" \/>\n<meta name=\"twitter:card\" content=\"summary_large_image\" \/>\n<meta name=\"twitter:label1\" content=\"Est. reading time\" \/>\n\t<meta name=\"twitter:data1\" content=\"7 minutes\" \/>\n<script type=\"application\/ld+json\" class=\"yoast-schema-graph\">{\"@context\":\"https:\/\/schema.org\",\"@graph\":[{\"@type\":\"WebPage\",\"@id\":\"https:\/\/confer.co.nz\/isc2026\/modern-sedimentary-processes-and-deposits-analogues-for-the-rock-record\/\",\"url\":\"https:\/\/confer.co.nz\/isc2026\/modern-sedimentary-processes-and-deposits-analogues-for-the-rock-record\/\",\"name\":\"Modern sedimentary processes and deposits: analogues for the rock record - ISC2026\",\"isPartOf\":{\"@id\":\"https:\/\/confer.co.nz\/isc2026\/#website\"},\"datePublished\":\"2025-01-16T22:11:59+00:00\",\"dateModified\":\"2025-01-16T23:01:37+00:00\",\"description\":\"The ISC2026 conference theme is 'Sedimentation on active plate margins through time and space'. Zealandia is a 4.9 Mkm2 region of continental crust in the South Pacific that was once part of Gondwana. Learn more.\",\"breadcrumb\":{\"@id\":\"https:\/\/confer.co.nz\/isc2026\/modern-sedimentary-processes-and-deposits-analogues-for-the-rock-record\/#breadcrumb\"},\"inLanguage\":\"en\",\"potentialAction\":[{\"@type\":\"ReadAction\",\"target\":[\"https:\/\/confer.co.nz\/isc2026\/modern-sedimentary-processes-and-deposits-analogues-for-the-rock-record\/\"]}]},{\"@type\":\"BreadcrumbList\",\"@id\":\"https:\/\/confer.co.nz\/isc2026\/modern-sedimentary-processes-and-deposits-analogues-for-the-rock-record\/#breadcrumb\",\"itemListElement\":[{\"@type\":\"ListItem\",\"position\":1,\"name\":\"Home\",\"item\":\"https:\/\/confer.co.nz\/isc2026\/\"},{\"@type\":\"ListItem\",\"position\":2,\"name\":\"Modern sedimentary processes and deposits: analogues for the rock record\"}]},{\"@type\":\"WebSite\",\"@id\":\"https:\/\/confer.co.nz\/isc2026\/#website\",\"url\":\"https:\/\/confer.co.nz\/isc2026\/\",\"name\":\"ISC2026\",\"description\":\"Official ISC 2026 Congress Website\",\"publisher\":{\"@id\":\"https:\/\/confer.co.nz\/isc2026\/#organization\"},\"potentialAction\":[{\"@type\":\"SearchAction\",\"target\":{\"@type\":\"EntryPoint\",\"urlTemplate\":\"https:\/\/confer.co.nz\/isc2026\/?s={search_term_string}\"},\"query-input\":{\"@type\":\"PropertyValueSpecification\",\"valueRequired\":true,\"valueName\":\"search_term_string\"}}],\"inLanguage\":\"en\"},{\"@type\":\"Organization\",\"@id\":\"https:\/\/confer.co.nz\/isc2026\/#organization\",\"name\":\"ISC 2026 Conference for the International Association Of Sedimentologists (IAS)\",\"url\":\"https:\/\/confer.co.nz\/isc2026\/\",\"logo\":{\"@type\":\"ImageObject\",\"inLanguage\":\"en\",\"@id\":\"https:\/\/confer.co.nz\/isc2026\/#\/schema\/logo\/image\/\",\"url\":\"https:\/\/confer.co.nz\/isc2026\/wp-content\/uploads\/2017\/12\/ISC2026-logo-transparent.png\",\"contentUrl\":\"https:\/\/confer.co.nz\/isc2026\/wp-content\/uploads\/2017\/12\/ISC2026-logo-transparent.png\",\"width\":480,\"height\":176,\"caption\":\"ISC 2026 Conference for the International Association Of Sedimentologists (IAS)\"},\"image\":{\"@id\":\"https:\/\/confer.co.nz\/isc2026\/#\/schema\/logo\/image\/\"}}]}<\/script>\n<!-- \/ Yoast SEO plugin. -->","yoast_head_json":{"title":"Modern sedimentary processes and deposits: analogues for the rock record - ISC2026","description":"The ISC2026 conference theme is 'Sedimentation on active plate margins through time and space'. Zealandia is a 4.9 Mkm2 region of continental crust in the South Pacific that was once part of Gondwana. Learn more.","robots":{"index":"index","follow":"follow","max-snippet":"max-snippet:-1","max-image-preview":"max-image-preview:large","max-video-preview":"max-video-preview:-1"},"canonical":"https:\/\/confer.co.nz\/isc2026\/modern-sedimentary-processes-and-deposits-analogues-for-the-rock-record\/","og_locale":"en_US","og_type":"article","og_title":"Modern sedimentary processes and deposits: analogues for the rock record - ISC2026","og_description":"The ISC2026 conference theme is 'Sedimentation on active plate margins through time and space'. Zealandia is a 4.9 Mkm2 region of continental crust in the South Pacific that was once part of Gondwana. Learn more.","og_url":"https:\/\/confer.co.nz\/isc2026\/modern-sedimentary-processes-and-deposits-analogues-for-the-rock-record\/","og_site_name":"ISC2026","article_modified_time":"2025-01-16T23:01:37+00:00","twitter_card":"summary_large_image","twitter_misc":{"Est. reading time":"7 minutes"},"schema":{"@context":"https:\/\/schema.org","@graph":[{"@type":"WebPage","@id":"https:\/\/confer.co.nz\/isc2026\/modern-sedimentary-processes-and-deposits-analogues-for-the-rock-record\/","url":"https:\/\/confer.co.nz\/isc2026\/modern-sedimentary-processes-and-deposits-analogues-for-the-rock-record\/","name":"Modern sedimentary processes and deposits: analogues for the rock record - ISC2026","isPartOf":{"@id":"https:\/\/confer.co.nz\/isc2026\/#website"},"datePublished":"2025-01-16T22:11:59+00:00","dateModified":"2025-01-16T23:01:37+00:00","description":"The ISC2026 conference theme is 'Sedimentation on active plate margins through time and space'. Zealandia is a 4.9 Mkm2 region of continental crust in the South Pacific that was once part of Gondwana. Learn more.","breadcrumb":{"@id":"https:\/\/confer.co.nz\/isc2026\/modern-sedimentary-processes-and-deposits-analogues-for-the-rock-record\/#breadcrumb"},"inLanguage":"en","potentialAction":[{"@type":"ReadAction","target":["https:\/\/confer.co.nz\/isc2026\/modern-sedimentary-processes-and-deposits-analogues-for-the-rock-record\/"]}]},{"@type":"BreadcrumbList","@id":"https:\/\/confer.co.nz\/isc2026\/modern-sedimentary-processes-and-deposits-analogues-for-the-rock-record\/#breadcrumb","itemListElement":[{"@type":"ListItem","position":1,"name":"Home","item":"https:\/\/confer.co.nz\/isc2026\/"},{"@type":"ListItem","position":2,"name":"Modern sedimentary processes and deposits: analogues for the rock record"}]},{"@type":"WebSite","@id":"https:\/\/confer.co.nz\/isc2026\/#website","url":"https:\/\/confer.co.nz\/isc2026\/","name":"ISC2026","description":"Official ISC 2026 Congress Website","publisher":{"@id":"https:\/\/confer.co.nz\/isc2026\/#organization"},"potentialAction":[{"@type":"SearchAction","target":{"@type":"EntryPoint","urlTemplate":"https:\/\/confer.co.nz\/isc2026\/?s={search_term_string}"},"query-input":{"@type":"PropertyValueSpecification","valueRequired":true,"valueName":"search_term_string"}}],"inLanguage":"en"},{"@type":"Organization","@id":"https:\/\/confer.co.nz\/isc2026\/#organization","name":"ISC 2026 Conference for the International Association Of Sedimentologists (IAS)","url":"https:\/\/confer.co.nz\/isc2026\/","logo":{"@type":"ImageObject","inLanguage":"en","@id":"https:\/\/confer.co.nz\/isc2026\/#\/schema\/logo\/image\/","url":"https:\/\/confer.co.nz\/isc2026\/wp-content\/uploads\/2017\/12\/ISC2026-logo-transparent.png","contentUrl":"https:\/\/confer.co.nz\/isc2026\/wp-content\/uploads\/2017\/12\/ISC2026-logo-transparent.png","width":480,"height":176,"caption":"ISC 2026 Conference for the International Association Of Sedimentologists (IAS)"},"image":{"@id":"https:\/\/confer.co.nz\/isc2026\/#\/schema\/logo\/image\/"}}]}},"_links":{"self":[{"href":"https:\/\/confer.co.nz\/isc2026\/wp-json\/wp\/v2\/pages\/2133","targetHints":{"allow":["GET"]}}],"collection":[{"href":"https:\/\/confer.co.nz\/isc2026\/wp-json\/wp\/v2\/pages"}],"about":[{"href":"https:\/\/confer.co.nz\/isc2026\/wp-json\/wp\/v2\/types\/page"}],"author":[{"embeddable":true,"href":"https:\/\/confer.co.nz\/isc2026\/wp-json\/wp\/v2\/users\/2"}],"replies":[{"embeddable":true,"href":"https:\/\/confer.co.nz\/isc2026\/wp-json\/wp\/v2\/comments?post=2133"}],"version-history":[{"count":3,"href":"https:\/\/confer.co.nz\/isc2026\/wp-json\/wp\/v2\/pages\/2133\/revisions"}],"predecessor-version":[{"id":2178,"href":"https:\/\/confer.co.nz\/isc2026\/wp-json\/wp\/v2\/pages\/2133\/revisions\/2178"}],"wp:attachment":[{"href":"https:\/\/confer.co.nz\/isc2026\/wp-json\/wp\/v2\/media?parent=2133"}],"curies":[{"name":"wp","href":"https:\/\/api.w.org\/{rel}","templated":true}]}}